{"id":172,"date":"2018-02-03T00:40:42","date_gmt":"2018-02-02T23:40:42","guid":{"rendered":"http:\/\/www.danieleinzinna.com\/?page_id=172"},"modified":"2019-04-06T11:35:35","modified_gmt":"2019-04-06T09:35:35","slug":"reportage","status":"publish","type":"page","link":"https:\/\/www.danieleinzinna.com\/index.php\/reportage\/","title":{"rendered":"REPORTAGE"},"content":{"rendered":"<h3>E&#8217; DIFFICILE RACCONTARE UNA STORIA&#8230;&nbsp;C&#8217;E&#8217; CHI LO FA CON LA PENNA, CHI CON LE NOTE MUSICALI, CHI CON LA PITTURA&#8230;&nbsp;POI C&#8217;E&#8217; LA FOTOGRAFIA E IL CINEMA&#8230; &nbsp; &nbsp; &nbsp; &nbsp; &nbsp; &nbsp; &nbsp; &nbsp; &nbsp; &nbsp; &nbsp; &nbsp; &nbsp; &nbsp; &nbsp;(D.INZINNA)<\/h3>\n<h3>_________________________________________________________________<\/h3>\n<h1><a href=\"http:\/\/www.danieleinzinna.com\/gallery\/santantonioabate\/\" target=\"_blank\" rel=\"noopener noreferrer\">SANT&#8217;ANTONIO ABATE&#8230;<\/a><\/h1>\n<h4 style=\"text-align: left;\">Il 28 Gennaio 2018 \u00e8 stata inaugurata la nuova Statua di Sant&#8217;Antonio Abate realizzata dall\u2019artista palermitano Roberto Di Miceli e commissionata da tutti gli allevatori di Marianopoli. Il parroco don Bernardo Briganti, ha benedetto tutti gli animali presenti in Piazza Garibaldi. Dopo la Santa Messa delle 18, la statua di Sant\u2019Antonio \u00e8 stata portata nuovamente in processione fino alle vicinanze del plesso scolastico Giovanni Pascoli, dove \u00e8 stato realizzato un grandissimo fal\u00f2 in onore del Santo.<\/h4>\n<p><a href=\"http:\/\/www.danieleinzinna.com\/gallery\/santantonioabate\/\" target=\"_blank\" rel=\"noopener noreferrer\"><img loading=\"lazy\" decoding=\"async\" class=\"alignnone wp-image-1115\" src=\"http:\/\/www.danieleinzinna.com\/wp-content\/uploads\/2018\/02\/reportagesantantonio-900x661.jpg\" alt=\"\" width=\"500\" height=\"367\" srcset=\"https:\/\/www.danieleinzinna.com\/wp-content\/uploads\/2018\/02\/reportagesantantonio-900x661.jpg 900w, https:\/\/www.danieleinzinna.com\/wp-content\/uploads\/2018\/02\/reportagesantantonio-768x564.jpg 768w, https:\/\/www.danieleinzinna.com\/wp-content\/uploads\/2018\/02\/reportagesantantonio-1280x940.jpg 1280w, https:\/\/www.danieleinzinna.com\/wp-content\/uploads\/2018\/02\/reportagesantantonio.jpg 2000w\" sizes=\"(max-width: 500px) 100vw, 500px\" \/><\/a><\/p>\n<h3>_________________________________________________________________<\/h3>\n<h1><a href=\"http:\/\/www.danieleinzinna.com\/gallery\/carnevale2018\/\" target=\"_blank\" rel=\"noopener noreferrer\">CARNEVALE 2018&#8230;<\/a><\/h1>\n<h3>CARNEVALE CATERINESE 2018&#8230;<\/h3>\n<p><a href=\"http:\/\/www.danieleinzinna.com\/gallery\/carnevale2018\/\" target=\"_blank\" rel=\"noopener noreferrer\"><img loading=\"lazy\" decoding=\"async\" class=\"alignnone wp-image-1105\" src=\"http:\/\/www.danieleinzinna.com\/wp-content\/uploads\/2018\/02\/reportagecarnevale-900x600.jpg\" alt=\"reportagecarnevale\" width=\"500\" height=\"333\" srcset=\"https:\/\/www.danieleinzinna.com\/wp-content\/uploads\/2018\/02\/reportagecarnevale-900x600.jpg 900w, https:\/\/www.danieleinzinna.com\/wp-content\/uploads\/2018\/02\/reportagecarnevale-768x512.jpg 768w, https:\/\/www.danieleinzinna.com\/wp-content\/uploads\/2018\/02\/reportagecarnevale.jpg 1200w\" sizes=\"(max-width: 500px) 100vw, 500px\" \/><\/a><\/p>\n<h3>_________________________________________________________________<\/h3>\n<h1><a href=\"http:\/\/www.danieleinzinna.com\/index.php\/carnevale-2019\/\" target=\"_blank\" rel=\"noopener noreferrer\">CARNEVALE 2019&#8230;<\/a><\/h1>\n<h3>CARNEVALE CATERINESE 2019&#8230;<\/h3>\n<p><a href=\"http:\/\/www.danieleinzinna.com\/index.php\/carnevale-2019\/\"><img loading=\"lazy\" decoding=\"async\" class=\"alignnone wp-image-1498\" src=\"http:\/\/www.danieleinzinna.com\/wp-content\/uploads\/2019\/04\/Schermata-2019-04-06-alle-11.26.04-1-900x716.png\" alt=\"\" width=\"494\" height=\"393\" srcset=\"https:\/\/www.danieleinzinna.com\/wp-content\/uploads\/2019\/04\/Schermata-2019-04-06-alle-11.26.04-1-900x716.png 900w, https:\/\/www.danieleinzinna.com\/wp-content\/uploads\/2019\/04\/Schermata-2019-04-06-alle-11.26.04-1-768x611.png 768w, https:\/\/www.danieleinzinna.com\/wp-content\/uploads\/2019\/04\/Schermata-2019-04-06-alle-11.26.04-1-1280x1018.png 1280w, https:\/\/www.danieleinzinna.com\/wp-content\/uploads\/2019\/04\/Schermata-2019-04-06-alle-11.26.04-1.png 1366w\" sizes=\"(max-width: 494px) 100vw, 494px\" \/><\/a><\/p>\n<h3>_________________________________________________________________<\/h3>\n<h1><a href=\"http:\/\/www.danieleinzinna.com\/gallery\/ventidimaggio\/#\/view\/ID54041\" target=\"_blank\" rel=\"noopener noreferrer\">VENTI DI MAGGIO&#8230;<\/a><\/h1>\n<h3>UN GIORNO DI MAGGIO A MARE&#8230;<\/h3>\n<p><a href=\"http:\/\/www.danieleinzinna.com\/gallery\/ventidimaggio\/#\/view\/ID54041\" target=\"_blank\" rel=\"noopener noreferrer\"><img loading=\"lazy\" decoding=\"async\" class=\"alignnone wp-image-1091\" src=\"http:\/\/www.danieleinzinna.com\/wp-content\/uploads\/2018\/02\/4_MARE_DI_MAGGIO_16.54-900x563.jpg\" alt=\"4_MARE_DI_MAGGIO_16.54\" width=\"500\" height=\"313\" srcset=\"https:\/\/www.danieleinzinna.com\/wp-content\/uploads\/2018\/02\/4_MARE_DI_MAGGIO_16.54-900x563.jpg 900w, https:\/\/www.danieleinzinna.com\/wp-content\/uploads\/2018\/02\/4_MARE_DI_MAGGIO_16.54-768x480.jpg 768w, https:\/\/www.danieleinzinna.com\/wp-content\/uploads\/2018\/02\/4_MARE_DI_MAGGIO_16.54.jpg 1200w\" sizes=\"(max-width: 500px) 100vw, 500px\" \/><\/a><\/p>\n<p>&nbsp;<\/p>\n<p>&nbsp;<\/p>\n","protected":false},"excerpt":{"rendered":"<p>E&#8217; DIFFICILE RACCONTARE UNA STORIA&#8230;&nbsp;C&#8217;E&#8217; CHI LO FA CON LA PENNA, CHI CON LE NOTE MUSICALI, CHI CON LA PITTURA&#8230;&nbsp;POI C&#8217;E&#8217; LA FOTOGRAFIA E IL CINEMA&#8230; &nbsp; &nbsp; &nbsp; &nbsp; &nbsp; &nbsp; &nbsp; &nbsp; &nbsp; &nbsp; &nbsp; &nbsp; &nbsp; &nbsp; &nbsp;(D.INZINNA) _________________________________________________________________ SANT&#8217;ANTONIO ABATE&#8230; Il 28 Gennaio 2018 \u00e8 stata inaugurata la nuova Statua di [&hellip;]<\/p>\n","protected":false},"author":1,"featured_media":0,"parent":0,"menu_order":0,"comment_status":"closed","ping_status":"closed","template":"","meta":{"footnotes":""},"_links":{"self":[{"href":"https:\/\/www.danieleinzinna.com\/index.php\/wp-json\/wp\/v2\/pages\/172"}],"collection":[{"href":"https:\/\/www.danieleinzinna.com\/index.php\/wp-json\/wp\/v2\/pages"}],"about":[{"href":"https:\/\/www.danieleinzinna.com\/index.php\/wp-json\/wp\/v2\/types\/page"}],"author":[{"embeddable":true,"href":"https:\/\/www.danieleinzinna.com\/index.php\/wp-json\/wp\/v2\/users\/1"}],"replies":[{"embeddable":true,"href":"https:\/\/www.danieleinzinna.com\/index.php\/wp-json\/wp\/v2\/comments?post=172"}],"version-history":[{"count":28,"href":"https:\/\/www.danieleinzinna.com\/index.php\/wp-json\/wp\/v2\/pages\/172\/revisions"}],"predecessor-version":[{"id":1505,"href":"https:\/\/www.danieleinzinna.com\/index.php\/wp-json\/wp\/v2\/pages\/172\/revisions\/1505"}],"wp:attachment":[{"href":"https:\/\/www.danieleinzinna.com\/index.php\/wp-json\/wp\/v2\/media?parent=172"}],"curies":[{"name":"wp","href":"https:\/\/api.w.org\/{rel}","templated":true}]}}