{"id":2001,"date":"2019-12-14T16:33:22","date_gmt":"2019-12-14T15:33:22","guid":{"rendered":"https:\/\/www.danieleinzinna.com\/?page_id=2001"},"modified":"2023-04-02T13:00:31","modified_gmt":"2023-04-02T11:00:31","slug":"wedding-film","status":"publish","type":"page","link":"https:\/\/www.danieleinzinna.com\/index.php\/wedding-film\/","title":{"rendered":"WEDDING FILM"},"content":{"rendered":"\n<h4 class=\"has-text-align-center wp-block-heading\"><em>Anche il &#8220;Film&#8221; del vostro giorno pi\u00f9 bello merita tutta la nostra cura! Un Wedding Film \u00e8 per sempre&#8230;<\/em><\/h4>\n\n\n\n<p class=\"has-text-align-center\">Per godere al meglio della visione vi consiglio di impostare la qualit\u00e0 di visualizzazione (dalla rotellina che vi appare in basso a destra) in 1080p HD!<\/p>\n\n\n\n<figure class=\"wp-block-embed aligncenter is-type-video is-provider-youtube wp-block-embed-youtube wp-embed-aspect-16-9 wp-has-aspect-ratio\"><div class=\"wp-block-embed__wrapper\">\n<iframe loading=\"lazy\" title=\"LEANDRO &amp; JESSICA &#039;HIGHLIGHT&#039;\" width=\"1140\" height=\"641\" src=\"https:\/\/www.youtube.com\/embed\/K0EZLFd5xf4?feature=oembed\" frameborder=\"0\" allow=\"accelerometer; autoplay; clipboard-write; encrypted-media; gyroscope; picture-in-picture; web-share\" allowfullscreen><\/iframe>\n<\/div><figcaption class=\"wp-element-caption\">Allacciate le cinture&#8230; mettete a tutto volume e preparatevi al decollo delle emozioni!!! Leandro e Jessica&#8230; il loro giorno!<\/figcaption><\/figure>\n\n\n\n<p><\/p>\n\n\n\n<figure class=\"wp-block-embed aligncenter is-type-video is-provider-youtube wp-block-embed-youtube wp-embed-aspect-16-9 wp-has-aspect-ratio\"><div class=\"wp-block-embed__wrapper\">\n<iframe loading=\"lazy\" title=\"GIUSEPPE &amp; ILENIA &#039;HIGHLIGHT&#039;\" width=\"1140\" height=\"641\" src=\"https:\/\/www.youtube.com\/embed\/Sm388NqMZ0g?feature=oembed\" frameborder=\"0\" allow=\"accelerometer; autoplay; clipboard-write; encrypted-media; gyroscope; picture-in-picture; web-share\" allowfullscreen><\/iframe>\n<\/div><figcaption class=\"wp-element-caption\">Che non manchi mai il sorriso\u2026 solo chi ama sogna\u2026 (dall\u2019omelia di Don Alfonso Cammarata). Giuseppe e Ilenia!<\/figcaption><\/figure>\n\n\n\n<p><\/p>\n\n\n\n<figure class=\"wp-block-embed is-type-video is-provider-youtube wp-block-embed-youtube wp-embed-aspect-16-9 wp-has-aspect-ratio\"><div class=\"wp-block-embed__wrapper\">\n<iframe loading=\"lazy\" title=\"GIANPIERO &amp; FILIPPA &#039;HIGHLIGHT&#039;\" width=\"1140\" height=\"641\" src=\"https:\/\/www.youtube.com\/embed\/Xk7SVXvIv20?feature=oembed\" frameborder=\"0\" allow=\"accelerometer; autoplay; clipboard-write; encrypted-media; gyroscope; picture-in-picture; web-share\" allowfullscreen><\/iframe>\n<\/div><figcaption class=\"wp-element-caption\">Oggi riviviamo le fortissime emozioni di Gianpiero e Filippa a tratti immersi in un bellissimo campo di \u201csulla\u201d siciliana dai colori stupendi!!!<br>Vi consiglio di vedere il video a tutto schermo e a tutto volume per gustarvelo pienamente\u2026 se poi avete un impianto Dolby surround e una TV 50 pollici ancora meglio!&nbsp;<br>Presto anche le loro meravigliose foto!!!<br>Stay Tuned!!!<br>www.danieleinzinna.com<\/figcaption><\/figure>\n\n\n\n<p><\/p>\n\n\n\n<figure class=\"wp-block-embed is-type-video is-provider-youtube wp-block-embed-youtube wp-embed-aspect-16-9 wp-has-aspect-ratio\"><div class=\"wp-block-embed__wrapper\">\n<iframe loading=\"lazy\" title=\"LELLO &amp; IRENE &#039;HIGHLIGHT&#039;\" width=\"1140\" height=\"641\" src=\"https:\/\/www.youtube.com\/embed\/WzI2S9Ae-Eo?feature=oembed\" frameborder=\"0\" allow=\"accelerometer; autoplay; clipboard-write; encrypted-media; gyroscope; picture-in-picture; web-share\" allowfullscreen><\/iframe>\n<\/div><figcaption class=\"wp-element-caption\">La meravigliosa storia d\u2019amore di Lello e Irene!!! No\u2026 non si tratta di un \u201cSDE\u201d (Per intenderci\u2026non \u00e8 stato proiettato lo stesso giorno del matrimonio in sala\u2026); si tratta invece di un prodotto ideato e concepito dopo tante ore di montaggio in studio\u2026 ECCO PERCHE\u2019 SCONSIGLIO SEMPRE E VIVAMENTE AI MIEI AMICI\/SPOSI L\u2019SDE!!! Piuttosto pensate a godere appieno ogni attimo del vostro giorno pi\u00f9 bello!!! Per i ricordi e per le emozioni (sicuramente pi\u00f9 intensi e pi\u00f9 forti) c\u2019\u00e8 tempo!!! Presto anche le loro meravigliose foto!!! Stay Tuned!!!<\/figcaption><\/figure>\n\n\n\n<p><\/p>\n\n\n\n<figure class=\"wp-block-embed is-type-video is-provider-youtube wp-block-embed-youtube wp-embed-aspect-16-9 wp-has-aspect-ratio\"><div class=\"wp-block-embed__wrapper\">\n<iframe loading=\"lazy\" title=\"KEVIN &amp; VIVIANA &#039;HIGHLIGHT&#039;\" width=\"1140\" height=\"641\" src=\"https:\/\/www.youtube.com\/embed\/ScnQUhNXzhY?feature=oembed\" frameborder=\"0\" allow=\"accelerometer; autoplay; clipboard-write; encrypted-media; gyroscope; picture-in-picture; web-share\" allowfullscreen><\/iframe>\n<\/div><figcaption class=\"wp-element-caption\">Kevin e Viviana&#8230; il loro giorno&#8230; il loro amore&#8230;<\/figcaption><\/figure>\n\n\n\n<p><\/p>\n\n\n\n<figure class=\"wp-block-embed is-type-video is-provider-youtube wp-block-embed-youtube wp-embed-aspect-16-9 wp-has-aspect-ratio\"><div class=\"wp-block-embed__wrapper\">\n<iframe loading=\"lazy\" title=\"MICHELE &amp; SOFIA &#039;HIGHLIGHT&#039;\" width=\"1140\" height=\"641\" src=\"https:\/\/www.youtube.com\/embed\/VIt8wYTaEpc?feature=oembed\" frameborder=\"0\" allow=\"accelerometer; autoplay; clipboard-write; encrypted-media; gyroscope; picture-in-picture; web-share\" allowfullscreen><\/iframe>\n<\/div><figcaption class=\"wp-element-caption\">Oggi riviviamo la storia d\u2019amore di Michele e Sofia, accompagnati dalle strofe e dalla dolce melodia di un brano di Jovanotti, che seppur con un ritmo lento, mi ha aiutato a raccontare il loro giorno! Grazie ragazzi per la \u201cmagia\u201d che ci avete regalato!<\/figcaption><\/figure>\n\n\n\n<p><\/p>\n\n\n\n<figure class=\"wp-block-embed is-type-video is-provider-youtube wp-block-embed-youtube wp-embed-aspect-16-9 wp-has-aspect-ratio\"><div class=\"wp-block-embed__wrapper\">\n<iframe loading=\"lazy\" title=\"MARCO &amp; VERONICA &#039;HIGHLIGHT&#039;\" width=\"1140\" height=\"641\" src=\"https:\/\/www.youtube.com\/embed\/fLPX3z4YnAc?feature=oembed\" frameborder=\"0\" allow=\"accelerometer; autoplay; clipboard-write; encrypted-media; gyroscope; picture-in-picture; web-share\" allowfullscreen><\/iframe>\n<\/div><\/figure>\n\n\n\n<p class=\"has-text-align-center\">Stringimi pi\u00f9 forte&#8230; Marco e Veronica nel loro giorno pi\u00f9 bello!<\/p>\n\n\n\n<p><\/p>\n\n\n\n<figure class=\"wp-block-embed is-type-video is-provider-youtube wp-block-embed-youtube wp-embed-aspect-16-9 wp-has-aspect-ratio\"><div class=\"wp-block-embed__wrapper\">\n<iframe loading=\"lazy\" title=\"ROBERT &amp; MICHELA &#039;HIGHLIGHT&#039;\" width=\"1140\" height=\"641\" src=\"https:\/\/www.youtube.com\/embed\/ZEBHm2i5ODo?feature=oembed\" frameborder=\"0\" allow=\"accelerometer; autoplay; clipboard-write; encrypted-media; gyroscope; picture-in-picture; web-share\" allowfullscreen><\/iframe>\n<\/div><figcaption class=\"wp-element-caption\">Robert e Michela&#8230; la loro &#8220;Wedding Story&#8221;&#8230; qualcuno una volta scrisse che l&#8217;amore \u00e8 una sola anima che vive in due corpi&#8230; noi abbiamo scrutato i vostri occhi e abbiamo visto tutto ci\u00f2!&nbsp;<\/figcaption><\/figure>\n\n\n\n<p><\/p>\n\n\n\n<figure class=\"wp-block-embed is-type-video is-provider-youtube wp-block-embed-youtube wp-embed-aspect-16-9 wp-has-aspect-ratio\"><div class=\"wp-block-embed__wrapper\">\n<iframe loading=\"lazy\" title=\"VINCENZO &amp; DANIELA &#039;HIGHLIGHT&#039;\" width=\"1140\" height=\"641\" src=\"https:\/\/www.youtube.com\/embed\/HfexEXaRleI?feature=oembed\" frameborder=\"0\" allow=\"accelerometer; autoplay; clipboard-write; encrypted-media; gyroscope; picture-in-picture; web-share\" allowfullscreen><\/iframe>\n<\/div><figcaption class=\"wp-element-caption\">La storia d&#8217;amore di Vincenzo e Daniela!<\/figcaption><\/figure>\n\n\n\n<p><\/p>\n\n\n\n<figure class=\"wp-block-embed is-type-video is-provider-youtube wp-block-embed-youtube wp-embed-aspect-16-9 wp-has-aspect-ratio\"><div class=\"wp-block-embed__wrapper\">\n<iframe loading=\"lazy\" title=\"GIUSEPPE &amp; ALESSIA &#039;HIGHLIGHT&#039;\" width=\"1140\" height=\"641\" src=\"https:\/\/www.youtube.com\/embed\/JuhXq9x-9EU?feature=oembed\" frameborder=\"0\" allow=\"accelerometer; autoplay; clipboard-write; encrypted-media; gyroscope; picture-in-picture; web-share\" allowfullscreen><\/iframe>\n<\/div><figcaption class=\"wp-element-caption\">Eleganza e fascino\u2026 incorniciate dalla semplicit\u00e0\u2026 quella semplicit\u00e0 di un Amore vero\u2026 quell\u2019Amore che ti tocca le corde dell\u2019anima\u2026 da sempre ho sostenuto che le emozioni vere, bisogna lasciarle vedere!!! Per questo quando vedo un viso emozionato solcato da una lacrima, non esito nemmeno un momento ad evidenziarlo\u2026 lasciate libero sfogo alle emozioni\u2026 perch\u00e9 ci\u00f2 significa che siete delle persone vere\u2026 vere come Giuseppe e Alessia e vero come il loro AMORE!<br>Molto presto anche le loro MERAVIGLIOSE ed UNICHE fotografie\u2026. firmate INZINNA!<br>Stay tuned!<\/figcaption><\/figure>\n\n\n\n<p><\/p>\n\n\n\n<figure class=\"wp-block-embed is-type-video is-provider-youtube wp-block-embed-youtube wp-embed-aspect-16-9 wp-has-aspect-ratio\"><div class=\"wp-block-embed__wrapper\">\n<iframe loading=\"lazy\" title=\"ERICA &amp; GIUSEPPE &#039;HIGHLIGHT&#039;\" width=\"1140\" height=\"641\" src=\"https:\/\/www.youtube.com\/embed\/0DiKd9qTGT4?feature=oembed\" frameborder=\"0\" allow=\"accelerometer; autoplay; clipboard-write; encrypted-media; gyroscope; picture-in-picture; web-share\" allowfullscreen><\/iframe>\n<\/div><figcaption class=\"wp-element-caption\">Oggi vi voglio presentare una bellissima storia d\u2019amore\u2026 quella di Giuseppe ed Erica! La complicit\u00e0 e la sintonia che ho potuto leggere nei loro visi, \u00e8 stata unica\u2026 noi abbiamo solo cercato di catturare e trasmettere tutte queste emozioni attraverso il nostro prodotto\u2026 Penso che noi fotografi e videografi, abbiamo una grandissima responsabilit\u00e0\u2026 cio\u00e8 quella di restituirvi e farvi rivivere tutte queste sensazioni racchiuse in un unico e irripetibile giorno! Per questo motivo vi invito a fidarvi del vostro fotografo e della sua squadra\u2026 Ci\u00f2 che noi vi consegnamo rester\u00e0 per sempre nei ricordi della vostra famiglia!!! Se ci scegliete\u2026 vi garantisco che questa sar\u00e0 la nostra mission!<br>Grazie Giuseppe ed Erica per esservi fidati di noi! Vi vogliamo bene!!! Inzinna Fotografi!<br>Si consiglia la visione a schermo intero e in qualit\u00e0 1080p (impostandola dalla rotellina in basso a destra). Alzate il volume!!!<\/figcaption><\/figure>\n\n\n\n<p><\/p>\n\n\n\n<figure class=\"wp-block-embed is-type-video is-provider-youtube wp-block-embed-youtube wp-embed-aspect-16-9 wp-has-aspect-ratio\"><div class=\"wp-block-embed__wrapper\">\n<iframe loading=\"lazy\" title=\"SERGIO &amp; MARIA &#039;HIGHLIGHT&#039;\" width=\"1140\" height=\"641\" src=\"https:\/\/www.youtube.com\/embed\/5029AEyezZo?feature=oembed\" frameborder=\"0\" allow=\"accelerometer; autoplay; clipboard-write; encrypted-media; gyroscope; picture-in-picture; web-share\" allowfullscreen><\/iframe>\n<\/div><figcaption class=\"wp-element-caption\"><strong><em>La storia d&#8217;amore di<\/em><\/strong> <strong><em>Sergio e Maria!<\/em><\/strong><br>Si consiglia la visione a schermo intero e in qualit\u00e0 1080p (impostandola dalla rotellina in basso a destra). Alzate il volume!!!<\/figcaption><\/figure>\n\n\n\n<p><\/p>\n\n\n\n<figure class=\"wp-block-embed is-type-video is-provider-youtube wp-block-embed-youtube wp-embed-aspect-16-9 wp-has-aspect-ratio\"><div class=\"wp-block-embed__wrapper\">\n<iframe loading=\"lazy\" title=\"LUIGI &amp; ILARIA &#039;HIGHLIGHT&#039;\" width=\"1140\" height=\"641\" src=\"https:\/\/www.youtube.com\/embed\/8C0k03bvFA4?feature=oembed\" frameborder=\"0\" allow=\"accelerometer; autoplay; clipboard-write; encrypted-media; gyroscope; picture-in-picture; web-share\" allowfullscreen><\/iframe>\n<\/div><figcaption class=\"wp-element-caption\"><strong><em>La storia d&#8217;amore di<\/em><\/strong> <strong><em>Luigi e Ilaria!<\/em><\/strong><br>Si consiglia la visione a schermo intero e in qualit\u00e0 1080p (impostandola dalla rotellina in basso a destra). Alzate il volume!!!<\/figcaption><\/figure>\n\n\n\n<p><\/p>\n\n\n\n<figure class=\"wp-block-embed is-type-video is-provider-youtube wp-block-embed-youtube wp-embed-aspect-16-9 wp-has-aspect-ratio\"><div class=\"wp-block-embed__wrapper\">\n<iframe loading=\"lazy\" title=\"ALESSIO &amp; GIUSY &#039;HIGHLIGHT&#039;\" width=\"1140\" height=\"641\" src=\"https:\/\/www.youtube.com\/embed\/IOgsjCp1tfQ?feature=oembed\" frameborder=\"0\" allow=\"accelerometer; autoplay; clipboard-write; encrypted-media; gyroscope; picture-in-picture; web-share\" allowfullscreen><\/iframe>\n<\/div><figcaption class=\"wp-element-caption\"><strong><em>La storia d&#8217;amore di<\/em><\/strong> <strong><em>Alessio e Giusy!<\/em><\/strong><br>Si consiglia la visione a schermo intero e in qualit\u00e0 1080p (impostandola dalla rotellina in basso a destra). Alzate il volume!!!<\/figcaption><\/figure>\n\n\n\n<p><\/p>\n\n\n\n<figure class=\"wp-block-embed is-type-video is-provider-youtube wp-block-embed-youtube wp-embed-aspect-16-9 wp-has-aspect-ratio\"><div class=\"wp-block-embed__wrapper\">\n<iframe loading=\"lazy\" title=\"FRANCESCO &amp; DONATELLA &#039;HIGHLIGHT&#039;\" width=\"1140\" height=\"641\" src=\"https:\/\/www.youtube.com\/embed\/exFWXPp8K_A?feature=oembed\" frameborder=\"0\" allow=\"accelerometer; autoplay; clipboard-write; encrypted-media; gyroscope; picture-in-picture; web-share\" allowfullscreen><\/iframe>\n<\/div><figcaption class=\"wp-element-caption\"><strong><em>La storia d&#8217;amore di<\/em><\/strong> <strong><em>Francesco e Donatella!<\/em><\/strong><br>Si consiglia la visione a schermo intero e in qualit\u00e0 1080p (impostandola dalla rotellina in basso a destra). Alzate il volume!!!<\/figcaption><\/figure>\n\n\n\n<p><\/p>\n\n\n\n<figure class=\"wp-block-embed is-type-video is-provider-youtube wp-block-embed-youtube wp-embed-aspect-16-9 wp-has-aspect-ratio\"><div class=\"wp-block-embed__wrapper\">\n<iframe loading=\"lazy\" title=\"ANDREA &amp; ANTONELLA &#039;HIGHLIGHT&#039;\" width=\"1140\" height=\"641\" src=\"https:\/\/www.youtube.com\/embed\/MRl802XYl0Q?feature=oembed\" frameborder=\"0\" allow=\"accelerometer; autoplay; clipboard-write; encrypted-media; gyroscope; picture-in-picture; web-share\" allowfullscreen><\/iframe>\n<\/div><figcaption class=\"wp-element-caption\"><strong><em>La storia d&#8217;amore di<\/em><\/strong> <strong><em>Andrea e Antonella!<\/em><\/strong><br>Si consiglia la visione a schermo intero e in qualit\u00e0 1080p (impostandola dalla rotellina in basso a destra). Alzate il volume!!!<\/figcaption><\/figure>\n\n\n\n<p><\/p>\n\n\n\n<figure class=\"wp-block-embed is-type-video is-provider-youtube wp-block-embed-youtube wp-embed-aspect-16-9 wp-has-aspect-ratio\"><div class=\"wp-block-embed__wrapper\">\n<iframe loading=\"lazy\" title=\"LUCA &amp; DANIELA &#039;HIGHLIGHT&#039;\" width=\"1140\" height=\"641\" src=\"https:\/\/www.youtube.com\/embed\/S9ioI5nUWko?feature=oembed\" frameborder=\"0\" allow=\"accelerometer; autoplay; clipboard-write; encrypted-media; gyroscope; picture-in-picture; web-share\" allowfullscreen><\/iframe>\n<\/div><figcaption class=\"wp-element-caption\"><strong><em>Luca e Daniela &#8216;Highlight&#8217; &#8211; Una selezione dei momenti pi\u00f9 belli ed emozionanti del Wedding Film!<\/em><\/strong><br>Si consiglia la visione a schermo intero e in qualit\u00e0 1080p, impostandola dalla rotellina in basso a destra.<\/figcaption><\/figure>\n\n\n\n<p><\/p>\n\n\n\n<figure class=\"wp-block-embed is-type-video is-provider-youtube wp-block-embed-youtube wp-embed-aspect-16-9 wp-has-aspect-ratio\"><div class=\"wp-block-embed__wrapper\">\n<iframe loading=\"lazy\" title=\"GIUSEPPE &amp; GIULIA &#039;HIGHLIGHT&#039;\" width=\"1140\" height=\"641\" src=\"https:\/\/www.youtube.com\/embed\/jrD4ZGZh3Wg?feature=oembed\" frameborder=\"0\" allow=\"accelerometer; autoplay; clipboard-write; encrypted-media; gyroscope; picture-in-picture; web-share\" allowfullscreen><\/iframe>\n<\/div><figcaption class=\"wp-element-caption\"><strong><em>Giuseppe e Giulia &#8216;Highlight&#8217; &#8211; Una selezione dei momenti pi\u00f9 belli ed emozionanti del Wedding Film!<\/em><\/strong><br>Visualizzate in HD, impostando la qualit\u00e0 dalla rotellina in basso a destra!<br><br><\/figcaption><\/figure>\n\n\n\n<figure class=\"wp-block-embed is-type-video is-provider-youtube wp-block-embed-youtube wp-embed-aspect-16-9 wp-has-aspect-ratio\"><div class=\"wp-block-embed__wrapper\">\n<iframe loading=\"lazy\" title=\"SALVATORE ED ENZA &#039;HIGHLIGHT&#039;\" width=\"1140\" height=\"641\" src=\"https:\/\/www.youtube.com\/embed\/lp6E2jTbWkM?feature=oembed\" frameborder=\"0\" allow=\"accelerometer; autoplay; clipboard-write; encrypted-media; gyroscope; picture-in-picture; web-share\" allowfullscreen><\/iframe>\n<\/div><figcaption class=\"wp-element-caption\"><strong><em>Salvatore ed Enza &#8216;Highlight&#8217; &#8211; Una selezione dei momenti pi\u00f9 belli ed emozionanti del Wedding Film!<\/em><\/strong><br>Visualizzate in HD, impostando la qualit\u00e0 dalla rotellina in basso a destra!<\/figcaption><\/figure>\n","protected":false},"excerpt":{"rendered":"<p>Anche il &#8220;Film&#8221; del vostro giorno pi\u00f9 bello merita tutta la nostra cura! Un Wedding Film \u00e8 per sempre&#8230; Per godere al meglio della visione vi consiglio di impostare la qualit\u00e0 di visualizzazione (dalla rotellina che vi appare in basso a destra) in 1080p HD! Stringimi pi\u00f9 forte&#8230; Marco e Veronica nel loro giorno pi\u00f9 [&hellip;]<\/p>\n","protected":false},"author":1,"featured_media":0,"parent":0,"menu_order":0,"comment_status":"closed","ping_status":"closed","template":"","meta":{"footnotes":""},"_links":{"self":[{"href":"https:\/\/www.danieleinzinna.com\/index.php\/wp-json\/wp\/v2\/pages\/2001"}],"collection":[{"href":"https:\/\/www.danieleinzinna.com\/index.php\/wp-json\/wp\/v2\/pages"}],"about":[{"href":"https:\/\/www.danieleinzinna.com\/index.php\/wp-json\/wp\/v2\/types\/page"}],"author":[{"embeddable":true,"href":"https:\/\/www.danieleinzinna.com\/index.php\/wp-json\/wp\/v2\/users\/1"}],"replies":[{"embeddable":true,"href":"https:\/\/www.danieleinzinna.com\/index.php\/wp-json\/wp\/v2\/comments?post=2001"}],"version-history":[{"count":41,"href":"https:\/\/www.danieleinzinna.com\/index.php\/wp-json\/wp\/v2\/pages\/2001\/revisions"}],"predecessor-version":[{"id":3380,"href":"https:\/\/www.danieleinzinna.com\/index.php\/wp-json\/wp\/v2\/pages\/2001\/revisions\/3380"}],"wp:attachment":[{"href":"https:\/\/www.danieleinzinna.com\/index.php\/wp-json\/wp\/v2\/media?parent=2001"}],"curies":[{"name":"wp","href":"https:\/\/api.w.org\/{rel}","templated":true}]}}